{"id":159,"date":"2011-10-09T16:38:26","date_gmt":"2011-10-09T16:38:26","guid":{"rendered":"http:\/\/www.asbuers.com\/basket-villeurbanne\/?page_id=159"},"modified":"2022-08-15T15:56:55","modified_gmt":"2022-08-15T13:56:55","slug":"les-equipes","status":"publish","type":"page","link":"https:\/\/www.asbuers.com\/basket-villeurbanne\/les-equipes\/","title":{"rendered":"Les \u00e9quipes"},"content":{"rendered":"<h2><img loading=\"lazy\" decoding=\"async\" class=\"alignleft wp-image-2538 size-full\" src=\"http:\/\/www.asbuers.com\/basket-villeurbanne\/wp-content\/uploads\/2017\/07\/asbuers.png\" alt=\"asbuers\" width=\"200\" height=\"200\" srcset=\"https:\/\/www.asbuers.com\/basket-villeurbanne\/wp-content\/uploads\/2017\/07\/asbuers.png 200w, https:\/\/www.asbuers.com\/basket-villeurbanne\/wp-content\/uploads\/2017\/07\/asbuers-150x150.png 150w, https:\/\/www.asbuers.com\/basket-villeurbanne\/wp-content\/uploads\/2017\/07\/asbuers-128x128.png 128w, https:\/\/www.asbuers.com\/basket-villeurbanne\/wp-content\/uploads\/2017\/07\/asbuers-32x32.png 32w\" sizes=\"auto, (max-width: 200px) 100vw, 200px\" \/>Liste des \u00e9quipes de l&rsquo;<strong>AS Buers Villeurbanne Basket<\/strong> !<\/h2>\n<p>S\u00e9lectionnez\u00a0une \u00e9quipe pour voir ses R\u00e9sultats et Classements \u00a0dans sa poule.<\/p>\n<h3>Les \u00e9quipes F\u00e9minines :<\/h3>\n<p><a href=\"http:\/\/www.asbuers.com\/basket-villeurbanne\/team\/seniorsf1\">Les S\u00e9niors F1<\/a> &#8211; DF3 <img loading=\"lazy\" decoding=\"async\" class=\"alignleft wp-image-3907\" src=\"http:\/\/www.asbuers.com\/basket-villeurbanne\/wp-content\/uploads\/2017\/07\/ffbb_F_df2.png\" alt=\"\" width=\"34\" height=\"64\" srcset=\"https:\/\/www.asbuers.com\/basket-villeurbanne\/wp-content\/uploads\/2017\/07\/ffbb_F_df2.png 253w, https:\/\/www.asbuers.com\/basket-villeurbanne\/wp-content\/uploads\/2017\/07\/ffbb_F_df2-79x150.png 79w, https:\/\/www.asbuers.com\/basket-villeurbanne\/wp-content\/uploads\/2017\/07\/ffbb_F_df2-158x300.png 158w, https:\/\/www.asbuers.com\/basket-villeurbanne\/wp-content\/uploads\/2017\/07\/ffbb_F_df2-67x128.png 67w, https:\/\/www.asbuers.com\/basket-villeurbanne\/wp-content\/uploads\/2017\/07\/ffbb_F_df2-17x32.png 17w\" sizes=\"auto, (max-width: 34px) 100vw, 34px\" \/><\/p>\n<h3>Les \u00e9quipes Masculines\u00a0:<\/h3>\n<p><a href=\"http:\/\/www.asbuers.com\/basket-villeurbanne\/team\/seniorsm1\">Les S\u00e9niors M1<\/a><a href=\"http:\/\/www.asbuers.com\/basket-villeurbanne\/seniors-1\"><img loading=\"lazy\" decoding=\"async\" class=\"alignleft wp-image-3908\" src=\"http:\/\/www.asbuers.com\/basket-villeurbanne\/wp-content\/uploads\/2018\/08\/ffbb_M_dm1-79x150.png\" alt=\"\" width=\"34\" height=\"64\" srcset=\"https:\/\/www.asbuers.com\/basket-villeurbanne\/wp-content\/uploads\/2018\/08\/ffbb_M_dm1-79x150.png 79w, https:\/\/www.asbuers.com\/basket-villeurbanne\/wp-content\/uploads\/2018\/08\/ffbb_M_dm1-158x300.png 158w, https:\/\/www.asbuers.com\/basket-villeurbanne\/wp-content\/uploads\/2018\/08\/ffbb_M_dm1-67x128.png 67w, https:\/\/www.asbuers.com\/basket-villeurbanne\/wp-content\/uploads\/2018\/08\/ffbb_M_dm1-17x32.png 17w, https:\/\/www.asbuers.com\/basket-villeurbanne\/wp-content\/uploads\/2018\/08\/ffbb_M_dm1.png 253w\" sizes=\"auto, (max-width: 34px) 100vw, 34px\" \/><\/a> &#8211; DM1<\/p>\n<p><a href=\"http:\/\/www.asbuers.com\/basket-villeurbanne\/team\/seniorsm2\">Les S\u00e9niors M2<\/a><a href=\"http:\/\/www.asbuers.com\/basket-villeurbanne\/team\/seniorsm2\"><img loading=\"lazy\" decoding=\"async\" class=\"alignleft wp-image-2428\" src=\"http:\/\/www.asbuers.com\/basket-villeurbanne\/wp-content\/uploads\/2017\/07\/ffbb_M_dm3-79x150.png\" alt=\"logo_ffbb_M_dm3\" width=\"34\" height=\"64\" srcset=\"https:\/\/www.asbuers.com\/basket-villeurbanne\/wp-content\/uploads\/2017\/07\/ffbb_M_dm3-79x150.png 79w, https:\/\/www.asbuers.com\/basket-villeurbanne\/wp-content\/uploads\/2017\/07\/ffbb_M_dm3-158x300.png 158w, https:\/\/www.asbuers.com\/basket-villeurbanne\/wp-content\/uploads\/2017\/07\/ffbb_M_dm3-67x128.png 67w, https:\/\/www.asbuers.com\/basket-villeurbanne\/wp-content\/uploads\/2017\/07\/ffbb_M_dm3-17x32.png 17w, https:\/\/www.asbuers.com\/basket-villeurbanne\/wp-content\/uploads\/2017\/07\/ffbb_M_dm3.png 253w\" sizes=\"auto, (max-width: 34px) 100vw, 34px\" \/><\/a> &#8211; DM3<\/p>\n<p><a href=\"http:\/\/www.asbuers.com\/basket-villeurbanne\/team\/as-buers-u20m\"><img loading=\"lazy\" decoding=\"async\" class=\"alignleft wp-image-2619\" src=\"http:\/\/www.asbuers.com\/basket-villeurbanne\/wp-content\/uploads\/2017\/08\/ffbb_M-D20-86x150.png\" alt=\"\" width=\"37\" height=\"64\" srcset=\"https:\/\/www.asbuers.com\/basket-villeurbanne\/wp-content\/uploads\/2017\/08\/ffbb_M-D20-86x150.png 86w, https:\/\/www.asbuers.com\/basket-villeurbanne\/wp-content\/uploads\/2017\/08\/ffbb_M-D20-73x128.png 73w, https:\/\/www.asbuers.com\/basket-villeurbanne\/wp-content\/uploads\/2017\/08\/ffbb_M-D20-18x32.png 18w, https:\/\/www.asbuers.com\/basket-villeurbanne\/wp-content\/uploads\/2017\/08\/ffbb_M-D20.png 150w\" sizes=\"auto, (max-width: 37px) 100vw, 37px\" \/><\/a> U20<\/p>\n<p><a href=\"http:\/\/www.asbuers.com\/basket-villeurbanne\/team\/as-buers-villeurbanne\/as-buers-u17m\/\"><\/a><a href=\"http:\/\/www.asbuers.com\/basket-villeurbanne\/team\/as-buers-u17m1\"><img loading=\"lazy\" decoding=\"async\" class=\"alignleft wp-image-2615\" src=\"http:\/\/www.asbuers.com\/basket-villeurbanne\/wp-content\/uploads\/2017\/08\/ffbb_M-D17-86x150.png\" alt=\"ffbb_M-D17\" width=\"37\" height=\"64\" srcset=\"https:\/\/www.asbuers.com\/basket-villeurbanne\/wp-content\/uploads\/2017\/08\/ffbb_M-D17-86x150.png 86w, https:\/\/www.asbuers.com\/basket-villeurbanne\/wp-content\/uploads\/2017\/08\/ffbb_M-D17-73x128.png 73w, https:\/\/www.asbuers.com\/basket-villeurbanne\/wp-content\/uploads\/2017\/08\/ffbb_M-D17-18x32.png 18w, https:\/\/www.asbuers.com\/basket-villeurbanne\/wp-content\/uploads\/2017\/08\/ffbb_M-D17.png 150w\" sizes=\"auto, (max-width: 37px) 100vw, 37px\" \/><\/a> U17<\/p>\n<p><a href=\"http:\/\/www.asbuers.com\/basket-villeurbanne\/team\/as-buers-u15m\"><img loading=\"lazy\" decoding=\"async\" class=\"alignleft wp-image-2613\" src=\"http:\/\/www.asbuers.com\/basket-villeurbanne\/wp-content\/uploads\/2017\/08\/ffbb_M-D15-86x150.png\" alt=\"ffbb_M-D15\" width=\"37\" height=\"64\" srcset=\"https:\/\/www.asbuers.com\/basket-villeurbanne\/wp-content\/uploads\/2017\/08\/ffbb_M-D15-86x150.png 86w, https:\/\/www.asbuers.com\/basket-villeurbanne\/wp-content\/uploads\/2017\/08\/ffbb_M-D15-73x128.png 73w, https:\/\/www.asbuers.com\/basket-villeurbanne\/wp-content\/uploads\/2017\/08\/ffbb_M-D15-18x32.png 18w, https:\/\/www.asbuers.com\/basket-villeurbanne\/wp-content\/uploads\/2017\/08\/ffbb_M-D15.png 150w\" sizes=\"auto, (max-width: 37px) 100vw, 37px\" \/><\/a> U15<\/p>\n<p><a href=\"http:\/\/www.asbuers.com\/basket-villeurbanne\/team\/as-buers-u13m\"><img loading=\"lazy\" decoding=\"async\" class=\"alignleft wp-image-2610\" src=\"http:\/\/www.asbuers.com\/basket-villeurbanne\/wp-content\/uploads\/2017\/08\/ffbb_M-D13-86x150.png\" alt=\"ffbb_M-D13\" width=\"37\" height=\"64\" srcset=\"https:\/\/www.asbuers.com\/basket-villeurbanne\/wp-content\/uploads\/2017\/08\/ffbb_M-D13-86x150.png 86w, https:\/\/www.asbuers.com\/basket-villeurbanne\/wp-content\/uploads\/2017\/08\/ffbb_M-D13-73x128.png 73w, https:\/\/www.asbuers.com\/basket-villeurbanne\/wp-content\/uploads\/2017\/08\/ffbb_M-D13-18x32.png 18w, https:\/\/www.asbuers.com\/basket-villeurbanne\/wp-content\/uploads\/2017\/08\/ffbb_M-D13.png 150w\" sizes=\"auto, (max-width: 37px) 100vw, 37px\" \/><\/a> U13<\/p>\n<p><a href=\"http:\/\/www.asbuers.com\/basket-villeurbanne\/team\/as-buers-u11m\"> <\/a><a href=\"http:\/\/www.asbuers.com\/basket-villeurbanne\/team\/as-buers-u11m\"><img loading=\"lazy\" decoding=\"async\" class=\"alignleft wp-image-2608\" src=\"http:\/\/www.asbuers.com\/basket-villeurbanne\/wp-content\/uploads\/2017\/08\/ffbb_M-D11-86x150.png\" alt=\"ffbb_M-D11\" width=\"37\" height=\"64\" srcset=\"https:\/\/www.asbuers.com\/basket-villeurbanne\/wp-content\/uploads\/2017\/08\/ffbb_M-D11-86x150.png 86w, https:\/\/www.asbuers.com\/basket-villeurbanne\/wp-content\/uploads\/2017\/08\/ffbb_M-D11-73x128.png 73w, https:\/\/www.asbuers.com\/basket-villeurbanne\/wp-content\/uploads\/2017\/08\/ffbb_M-D11-18x32.png 18w, https:\/\/www.asbuers.com\/basket-villeurbanne\/wp-content\/uploads\/2017\/08\/ffbb_M-D11.png 150w\" sizes=\"auto, (max-width: 37px) 100vw, 37px\" \/><\/a>U11<\/p>\n","protected":false},"excerpt":{"rendered":"<p>Liste des \u00e9quipes de l&rsquo;AS Buers Villeurbanne Basket ! S\u00e9lectionnez\u00a0une \u00e9quipe pour voir ses R\u00e9sultats et Classements \u00a0dans sa poule. Les \u00e9quipes F\u00e9minines : Les S\u00e9niors F1 &#8211; DF3 Les \u00e9quipes Masculines\u00a0: Les S\u00e9niors M1 &#8211; DM1 Les S\u00e9niors M2 &#8211; DM3 U20 U17 U15 U13 U11<\/p>\n","protected":false},"author":3,"featured_media":0,"parent":0,"menu_order":0,"comment_status":"closed","ping_status":"closed","template":"","meta":{"footnotes":""},"class_list":["post-159","page","type-page","status-publish","hentry"],"jetpack_sharing_enabled":true,"_links":{"self":[{"href":"https:\/\/www.asbuers.com\/basket-villeurbanne\/wp-json\/wp\/v2\/pages\/159","targetHints":{"allow":["GET"]}}],"collection":[{"href":"https:\/\/www.asbuers.com\/basket-villeurbanne\/wp-json\/wp\/v2\/pages"}],"about":[{"href":"https:\/\/www.asbuers.com\/basket-villeurbanne\/wp-json\/wp\/v2\/types\/page"}],"author":[{"embeddable":true,"href":"https:\/\/www.asbuers.com\/basket-villeurbanne\/wp-json\/wp\/v2\/users\/3"}],"replies":[{"embeddable":true,"href":"https:\/\/www.asbuers.com\/basket-villeurbanne\/wp-json\/wp\/v2\/comments?post=159"}],"version-history":[{"count":44,"href":"https:\/\/www.asbuers.com\/basket-villeurbanne\/wp-json\/wp\/v2\/pages\/159\/revisions"}],"predecessor-version":[{"id":6657,"href":"https:\/\/www.asbuers.com\/basket-villeurbanne\/wp-json\/wp\/v2\/pages\/159\/revisions\/6657"}],"wp:attachment":[{"href":"https:\/\/www.asbuers.com\/basket-villeurbanne\/wp-json\/wp\/v2\/media?parent=159"}],"curies":[{"name":"wp","href":"https:\/\/api.w.org\/{rel}","templated":true}]}}