{"id":2855,"date":"2017-09-04T18:00:20","date_gmt":"2017-09-04T16:00:20","guid":{"rendered":"http:\/\/www.asbuers.com\/basket-villeurbanne\/?page_id=2855"},"modified":"2017-09-04T18:26:27","modified_gmt":"2017-09-04T16:26:27","slug":"e-marque","status":"publish","type":"page","link":"http:\/\/www.asbuers.com\/basket-villeurbanne\/e-marque\/","title":{"rendered":"e-Marque"},"content":{"rendered":"<p><img loading=\"lazy\" decoding=\"async\" class=\"alignleft size-medium wp-image-2628\" src=\"http:\/\/www.asbuers.com\/basket-villeurbanne\/wp-content\/uploads\/2017\/08\/ffbb_hoz_couleurs-300x129.png\" alt=\"F\u00e9d\u00e9ration Fran\u00e7aise de BasketBall\" width=\"300\" height=\"129\" srcset=\"http:\/\/www.asbuers.com\/basket-villeurbanne\/wp-content\/uploads\/2017\/08\/ffbb_hoz_couleurs-300x129.png 300w, http:\/\/www.asbuers.com\/basket-villeurbanne\/wp-content\/uploads\/2017\/08\/ffbb_hoz_couleurs-150x64.png 150w, http:\/\/www.asbuers.com\/basket-villeurbanne\/wp-content\/uploads\/2017\/08\/ffbb_hoz_couleurs-128x55.png 128w, http:\/\/www.asbuers.com\/basket-villeurbanne\/wp-content\/uploads\/2017\/08\/ffbb_hoz_couleurs-32x14.png 32w, http:\/\/www.asbuers.com\/basket-villeurbanne\/wp-content\/uploads\/2017\/08\/ffbb_hoz_couleurs.png 480w\" sizes=\"auto, (max-width: 300px) 100vw, 300px\" \/><span lang=\"fr\" xml:lang=\"fr\">La feuille de marque \u00e9lectronique (e-Marque) <strong>est obligatoire d\u00e8s Septembre 2017<\/strong> pour la Nationale F\u00e9minine 1, la Nationale 2, la Nationale 3, les Championnats de France Jeunes, Troph\u00e9es Coupe de France Seniors et Coupe de France U17.<\/span><\/p>\n<p>Chaque club doit former ses membres \u00e0 l&rsquo; \u00ab\u00a0e-Marque\u00a0\u00bb. Aussi, tous les adh\u00e9rents de l&rsquo;AS Buers, <strong>\u00e0 partir des U15<\/strong>, devront se former \u00e0 l&rsquo; \u00ab\u00a0e-Marque\u00a0\u00bb. Pour se faire, des \u00ab\u00a0formations\u00a0\u00bb sont pr\u00e9vues \u00e0 l&rsquo;AS Buers pour toutes les sections concern\u00e9es (<strong>U15<\/strong>, <strong>U17<\/strong>, <strong>U20<\/strong>, <strong>SM1<\/strong>, <strong>SM2<\/strong> et <strong>SF1<\/strong>), ainsi que pour leurs entraineurs respectifs.<\/p>\n<h3 style=\"text-align: center;\"><span style=\"color: #ff0000;\"><strong><img loading=\"lazy\" decoding=\"async\" class=\"wp-image-2856 alignnone\" src=\"http:\/\/www.asbuers.com\/basket-villeurbanne\/wp-content\/uploads\/2017\/09\/important-150x147.png\" alt=\"important\" width=\"49\" height=\"48\" srcset=\"http:\/\/www.asbuers.com\/basket-villeurbanne\/wp-content\/uploads\/2017\/09\/important-150x147.png 150w, http:\/\/www.asbuers.com\/basket-villeurbanne\/wp-content\/uploads\/2017\/09\/important-300x294.png 300w, http:\/\/www.asbuers.com\/basket-villeurbanne\/wp-content\/uploads\/2017\/09\/important-128x126.png 128w, http:\/\/www.asbuers.com\/basket-villeurbanne\/wp-content\/uploads\/2017\/09\/important-32x32.png 32w, http:\/\/www.asbuers.com\/basket-villeurbanne\/wp-content\/uploads\/2017\/09\/important.png 708w\" sizes=\"auto, (max-width: 49px) 100vw, 49px\" \/><\/strong><\/span><span style=\"color: #ff0000;\"><strong> IMPORTANT<\/strong> <\/span>: La formation est <strong><span style=\"color: #ff0000;\">OBLIGATOIRE<\/span>. <img loading=\"lazy\" decoding=\"async\" class=\"wp-image-2856 alignnone\" src=\"http:\/\/www.asbuers.com\/basket-villeurbanne\/wp-content\/uploads\/2017\/09\/important-150x147.png\" alt=\"important\" width=\"49\" height=\"48\" srcset=\"http:\/\/www.asbuers.com\/basket-villeurbanne\/wp-content\/uploads\/2017\/09\/important-150x147.png 150w, http:\/\/www.asbuers.com\/basket-villeurbanne\/wp-content\/uploads\/2017\/09\/important-300x294.png 300w, http:\/\/www.asbuers.com\/basket-villeurbanne\/wp-content\/uploads\/2017\/09\/important-128x126.png 128w, http:\/\/www.asbuers.com\/basket-villeurbanne\/wp-content\/uploads\/2017\/09\/important-32x32.png 32w, http:\/\/www.asbuers.com\/basket-villeurbanne\/wp-content\/uploads\/2017\/09\/important.png 708w\" sizes=\"auto, (max-width: 49px) 100vw, 49px\" \/><\/strong><\/h3>\n<p>Veuillez voir aupr\u00e8s de vos <strong>entraineurs<\/strong> pour plus de d\u00e9tails sur le d\u00e9roul\u00e9 des formations, ainsi que sur les pages <a href=\"http:\/\/www.asbuers.com\/basket-villeurbanne\/\"><strong>Actualit\u00e9s<\/strong> <\/a>du site internet.<\/p>\n<p>Pour rappel, un dipl\u00f4me validant votre formation vous sera envoy\u00e9 par e-mail au terme de votre formation \u00e0 l&rsquo; \u00ab\u00a0e-Marque\u00a0\u00bb. Vous devrez <strong>IMP\u00c9RATIVEMENT<\/strong> fournir une copie\u00a0 de ce dipl\u00f4me \u00e9lectronique au club, et conserver l&rsquo;original chez vous.<\/p>\n<p>Pour plus d&rsquo;informations sur l&rsquo; \u00ab\u00a0e-Marque\u00a0\u00bb, vous pouvez vous reporter \u00e0 la pge d\u00e9di\u00e9e sur le site de la <a href=\"http:\/\/www.ffbb.com\/ffbb\/officiels\/otm\/e-marque\" target=\"_blank\" rel=\"noopener\"><strong><span style=\"color: #0000ff;\">F<\/span><span style=\"color: #800080;\">F<span style=\"color: #800000;\">B<\/span><\/span><span style=\"color: #ff0000;\">B <\/span><\/strong><\/a>et plus particuli\u00e8rement:<\/p>\n<ul>\n<li><a href=\"http:\/\/www.ffbb.com\/sites\/default\/files\/2016-07-11_4-_e-marque_gestion_des_fichiers_avant_et_apres_la_rencontre_vfin.pdf?ddddss\" target=\"_blank\" rel=\"noopener\">Gestion des fichiers avant et apr\u00e8s la rencontre<\/a><\/li>\n<li><a href=\"http:\/\/www.ffbb.com\/sites\/default\/files\/2015-12-04_2-infbb_-_elearning_-_nouvelle_procedure_dinscription_a_la_plateforme_vfin.pdf\" target=\"_blank\" rel=\"noopener\">Formation \u00e0 l&rsquo;utilisation de la feuille de marque \u00e9lectronique (en e-Learning)<\/a><\/li>\n<\/ul>\n<p>&nbsp;<\/p>\n","protected":false},"excerpt":{"rendered":"<p>La feuille de marque \u00e9lectronique (e-Marque) est obligatoire d\u00e8s Septembre 2017 pour la Nationale F\u00e9minine 1, la Nationale 2, la Nationale 3, les Championnats de France Jeunes, Troph\u00e9es Coupe de France Seniors et Coupe de France U17. Chaque club doit former ses membres \u00e0 l&rsquo; \u00ab\u00a0e-Marque\u00a0\u00bb. Aussi, tous les adh\u00e9rents [&hellip;]<\/p>\n","protected":false},"author":6,"featured_media":0,"parent":0,"menu_order":0,"comment_status":"closed","ping_status":"closed","template":"","meta":{"footnotes":""},"class_list":["post-2855","page","type-page","status-publish","hentry"],"jetpack_sharing_enabled":true,"_links":{"self":[{"href":"http:\/\/www.asbuers.com\/basket-villeurbanne\/wp-json\/wp\/v2\/pages\/2855","targetHints":{"allow":["GET"]}}],"collection":[{"href":"http:\/\/www.asbuers.com\/basket-villeurbanne\/wp-json\/wp\/v2\/pages"}],"about":[{"href":"http:\/\/www.asbuers.com\/basket-villeurbanne\/wp-json\/wp\/v2\/types\/page"}],"author":[{"embeddable":true,"href":"http:\/\/www.asbuers.com\/basket-villeurbanne\/wp-json\/wp\/v2\/users\/6"}],"replies":[{"embeddable":true,"href":"http:\/\/www.asbuers.com\/basket-villeurbanne\/wp-json\/wp\/v2\/comments?post=2855"}],"version-history":[{"count":4,"href":"http:\/\/www.asbuers.com\/basket-villeurbanne\/wp-json\/wp\/v2\/pages\/2855\/revisions"}],"predecessor-version":[{"id":3124,"href":"http:\/\/www.asbuers.com\/basket-villeurbanne\/wp-json\/wp\/v2\/pages\/2855\/revisions\/3124"}],"wp:attachment":[{"href":"http:\/\/www.asbuers.com\/basket-villeurbanne\/wp-json\/wp\/v2\/media?parent=2855"}],"curies":[{"name":"wp","href":"https:\/\/api.w.org\/{rel}","templated":true}]}}