{"id":183,"date":"2011-10-09T18:43:56","date_gmt":"2011-10-09T16:43:56","guid":{"rendered":"http:\/\/www.asbuers.com\/basket-villeurbanne\/?page_id=183"},"modified":"2018-09-20T09:03:03","modified_gmt":"2018-09-20T07:03:03","slug":"le-club","status":"publish","type":"page","link":"http:\/\/www.asbuers.com\/basket-villeurbanne\/le-club\/","title":{"rendered":"Le club"},"content":{"rendered":"<h2><strong>HISTORIQUE<\/strong><\/h2>\n<p>&nbsp;<\/p>\n<p><img loading=\"lazy\" decoding=\"async\" class=\"alignright wp-image-3500\" src=\"http:\/\/www.asbuers.com\/basket-villeurbanne\/wp-content\/uploads\/2017\/12\/history-300x131.jpg\" alt=\"\" width=\"480\" height=\"210\" srcset=\"http:\/\/www.asbuers.com\/basket-villeurbanne\/wp-content\/uploads\/2017\/12\/history-300x131.jpg 300w, http:\/\/www.asbuers.com\/basket-villeurbanne\/wp-content\/uploads\/2017\/12\/history-150x66.jpg 150w, http:\/\/www.asbuers.com\/basket-villeurbanne\/wp-content\/uploads\/2017\/12\/history-768x336.jpg 768w, http:\/\/www.asbuers.com\/basket-villeurbanne\/wp-content\/uploads\/2017\/12\/history-128x56.jpg 128w, http:\/\/www.asbuers.com\/basket-villeurbanne\/wp-content\/uploads\/2017\/12\/history-32x14.jpg 32w, http:\/\/www.asbuers.com\/basket-villeurbanne\/wp-content\/uploads\/2017\/12\/history.jpg 800w\" sizes=\"auto, (max-width: 480px) 100vw, 480px\" \/><\/p>\n<p>Dans le d\u00e9but des ann\u00e9es 1960, le quartier des Buers change de visage. A la place d&rsquo; un bidonville se montent des b\u00e2timents qui apportent une forte population et, au milieu de ce monde, un homme qui a toujours aim\u00e9 le sport et les jeunes; cet homme, c&rsquo;est Armand Molinero.<\/p>\n<p>Il regarde les jeunes jouer au ballon. Il lui prend l&rsquo;id\u00e9e de les faire jouer en \u00e9quipe. Il demande \u00e0 des locataires de se r\u00e9unir au Caf\u00e9 de la Paix, tenu par Mr Carr\u00e9 et tout le monde est d&rsquo;accord, il faut sortir les jeunes de la rue. Le docteur Burloux est nomm\u00e9 pr\u00e9sident.<\/p>\n<p>Deux \u00e9quipes sont form\u00e9es. L&rsquo;une de cadets, l&rsquo;autre de minimes. Comme il faut choisir les couleurs du club, les balcons des immeubles \u00e9tant jaune et bleu, les couleurs sont toutes trouv\u00e9es.<\/p>\n<p>Et voila comment est n\u00e9e l&rsquo;<strong>A.S. Pranard-Buers<\/strong>.<\/p>\n<p>La section Basket f\u00fbt cr\u00e9\u00e9e le 10 mai 1974 \u00e0 la demande d&rsquo;un groupe de 10 jeunes, habitant la cit\u00e9 Pranard et rue de la Boube. C&rsquo;est avec l&rsquo;aide de messieurs Carr\u00e9, Gen, Jourdan et Tardif qui repr\u00e9sentaient, \u00e0 l&rsquo;\u00e9poque, le bureau directeur du club omnisport des Buers et de M. Michel Bourgeois, tr\u00e9sorier du comit\u00e9 du Rh\u00f4ne de basket-ball qu&rsquo;apparu enfin la section basket. La responsabilit\u00e9 de cette section f\u00fbt confi\u00e9e \u00e0 M. Leroux Jean-Luc.<\/p>\n<p>C&rsquo;est sur le terrain en plein air, qui se situait au milieu de la cit\u00e9 Pranard au 41 rue du 8 mai 1945, qu&rsquo;\u00e9voluait et s&rsquo;entrainait l&rsquo;unique \u00e9quipe seniors masculins. Ce terrain ne poss\u00e9dait ni \u00e9clairage, ni vestiaire. Elle pouvait utiliser, quand ils \u00e9taient libres, les vestiaires de la section Handball se trouvant au 51 rue du 8 mai 1945 et \u00ab\u00a0le grand luxe\u00a0\u00bb, la municipalit\u00e9 leurs avait octroy\u00e9\u00a0 2 heures d&rsquo;entrainements par semaine au gymnase du groupe scolaire Jean Moulin. Deux ans plus tard un \u00e9clairage f\u00fbt install\u00e9 sur les fa\u00e7ades des b\u00e2timents entourant le terrain et un vestiaire f\u00fbt construit dans les caves du 41.<\/p>\n<p>Le terrain f\u00fbt homologu\u00e9 le 24 mars 1976, s&rsquo;en suivit l&rsquo;apparition de la premi\u00e8re \u00e9quipe f\u00e9minine lors de la saison 76\/77 et la cr\u00e9ation d&rsquo;une \u00e9quipe de jeunes la saison suivante&#8230;<\/p>\n<p>La premi\u00e8re \u00e9quipe dirigeante \u00e9tait constitu\u00e9e de :<\/p>\n<p><strong>Pr\u00e9sident :<\/strong> M. Leroux Jean-Luc<\/p>\n<p><strong>Vice Pr\u00e9sident :<\/strong> M. Marinelli Andr\u00e9<\/p>\n<p><strong>Tr\u00e9sorier :<\/strong> M. Martinez Daniel<\/p>\n<p><strong>Secr\u00e9taire<\/strong> : M. Deville Jean<\/p>\n<p>Les seniors masculins, nos anc\u00e8tres, pour ainsi dire, \u00e9taient : M. Bertholino Marc, M. Benitah Richard, M. Bruyant Joel, M. Chalais Jean-Michel, M. Chalais Patrick, M. Deville Jean, M. Diaz Jean-Marc, M. Ganz Bernard, M. Gauthier Jean-Claude, M. Leroux Jean-Fran\u00e7ois, M. Leroux Jean-Luc, M. Reynaud Jean-Pierre, M. Reynaud Marc, M. Saunier Patrick et M. Tianhoun Pascal&#8230;.<\/p>\n<p>Un grand merci \u00e0 eux par le fait d&rsquo;avoir contribu\u00e9 \u00e0 l&rsquo;existence de ce club : <strong>A.S. BUERS BASKET<\/strong>&#8230;&#8230;.<\/p>\n<p>&nbsp;<\/p>\n<p>Le club int\u00e9gra une salle digne de ce nom,\u00a0 la salle Armand, dans les ann\u00e9es 80,\u00a0 salle dans laquelle il \u00e9volue toujours.<\/p>\n<p>Depuis 2000 le club poss\u00e8de \u00e9galement son propre si\u00e8ge social, ce qui lui a permis d&rsquo;accro\u00eetre sa progression, et de se structurer correctement, car jusqu\u2019\u00e0 pr\u00e9sent le si\u00e8ge social \u00e9tait le Caf\u00e9 de la Paix, situ\u00e9 rue du 8 mai 1945 aux Buers.<\/p>\n<p>Apr\u00e8s avoir connu des hauts et des bas, le club vit toujours, gr\u00e2ce a l&rsquo;apport d&rsquo; une jeune g\u00e9n\u00e9ration et o\u00f9 l&rsquo;esprit \u00ab\u00a0club familial\u00a0\u00bb continu \u00e0 se perp\u00e9tuer. Il a pour but d&rsquo;apporter du bien \u00eatre et du plaisir \u00e0 tous ceux qui y adh\u00e8rent et \u00e0 donner une vie au quartier des <strong>Buers<\/strong>&#8230;&#8230;<\/p>\n<h2><strong><a href=\"http:\/\/www.asbuers.com\/basket-villeurbanne\/bureau\/\">LE BUREAU<\/a><\/strong><\/h2>\n","protected":false},"excerpt":{"rendered":"<p>HISTORIQUE &nbsp; Dans le d\u00e9but des ann\u00e9es 1960, le quartier des Buers change de visage. A la place d&rsquo; un bidonville se montent des b\u00e2timents qui apportent une forte population et, au milieu de ce monde, un homme qui a toujours aim\u00e9 le sport et les jeunes; cet homme, c&rsquo;est [&hellip;]<\/p>\n","protected":false},"author":3,"featured_media":0,"parent":0,"menu_order":0,"comment_status":"closed","ping_status":"closed","template":"","meta":{"footnotes":""},"class_list":["post-183","page","type-page","status-publish","hentry"],"jetpack_sharing_enabled":true,"_links":{"self":[{"href":"http:\/\/www.asbuers.com\/basket-villeurbanne\/wp-json\/wp\/v2\/pages\/183","targetHints":{"allow":["GET"]}}],"collection":[{"href":"http:\/\/www.asbuers.com\/basket-villeurbanne\/wp-json\/wp\/v2\/pages"}],"about":[{"href":"http:\/\/www.asbuers.com\/basket-villeurbanne\/wp-json\/wp\/v2\/types\/page"}],"author":[{"embeddable":true,"href":"http:\/\/www.asbuers.com\/basket-villeurbanne\/wp-json\/wp\/v2\/users\/3"}],"replies":[{"embeddable":true,"href":"http:\/\/www.asbuers.com\/basket-villeurbanne\/wp-json\/wp\/v2\/comments?post=183"}],"version-history":[{"count":42,"href":"http:\/\/www.asbuers.com\/basket-villeurbanne\/wp-json\/wp\/v2\/pages\/183\/revisions"}],"predecessor-version":[{"id":4123,"href":"http:\/\/www.asbuers.com\/basket-villeurbanne\/wp-json\/wp\/v2\/pages\/183\/revisions\/4123"}],"wp:attachment":[{"href":"http:\/\/www.asbuers.com\/basket-villeurbanne\/wp-json\/wp\/v2\/media?parent=183"}],"curies":[{"name":"wp","href":"https:\/\/api.w.org\/{rel}","templated":true}]}}