{"id":179,"date":"2011-10-09T16:43:25","date_gmt":"2011-10-09T16:43:25","guid":{"rendered":"http:\/\/www.asbuers.com\/basket-villeurbanne\/?page_id=179"},"modified":"2017-09-08T10:26:32","modified_gmt":"2017-09-08T08:26:32","slug":"plan-acces","status":"publish","type":"page","link":"http:\/\/www.asbuers.com\/basket-villeurbanne\/plan-acces\/","title":{"rendered":"Plan d&rsquo;acc\u00e8s"},"content":{"rendered":"<p>Le club <strong>AS Buers Basket Villeurbanne<\/strong> poss\u00e8de deux gymnases dont voici les coordonn\u00e9es :<\/p>\n        <div class=\"gmwd_container_wrapper\">            <div class=\"gmwd_container\">                <div id=\"gmwd_container_1\">                    <script>                        if(typeof gmwdmapData == 'undefined'){                            var gmwdmapData = [];                         }                                                                gmwdmapData[\"widget\" + '1'] = \"\";                                           gmwdmapData[\"mapId\" + '1'] = Number(\"1\");                                           gmwdmapData[\"centerLat\" + '1'] = Number(\"45.7765754022548\");                        gmwdmapData[\"centerLng\" + '1'] = Number(\"4.893782362934078\");\t                        gmwdmapData[\"zoom\" + '1'] = Number(\"15\");                        gmwdmapData[\"mapType\" + '1'] = \"0\";                        gmwdmapData[\"maxZoom\" + '1'] = Number(\"22\");                        gmwdmapData[\"minZoom\" + '1'] = Number(\"8\");                        gmwdmapData[\"mapWhellScrolling\" + '1'] = Number(\"0\") == 1 ? true : false;\t\t\t\t                        gmwdmapData[\"infoWindowOpenOn\" + '1'] = \"click\" ;\t\t\t\t                        gmwdmapData[\"mapDragable\" + '1'] = Number(\"1\") == 1 ? true : false;\t                            gmwdmapData[\"mapDbClickZoom\" + '1'] = Number(\"0\") == 1 ? true : false;\t                                                            gmwdmapData[\"enableZoomControl\" + '1'] = Number(\"1\") == 1 ? true : false;                        gmwdmapData[\"enableMapTypeControl\" + '1'] = Number(\"1\") == 1 ? true : false;\t\t\t                        gmwdmapData[\"mapTypeControlOptions\" + '1'] = {};                                                gmwdmapData[\"enableScaleControl\" + '1'] = Number(\"1\") == 1 ? true : false;                        gmwdmapData[\"enableStreetViewControl\" + '1'] = Number(\"1\") == 1 ? true : false;                        gmwdmapData[\"enableFullscreenControl\" + '1'] = Number(\"0\") == 1 ? true : false;                        gmwdmapData[\"enableRotateControl\" + '1'] = Number(\"1\") == 1 ? true : false;                        gmwdmapData[\"mapTypeControlPosition\" + '1'] = Number(\"0\");                                                gmwdmapData[\"zoomControlPosition\" + '1'] = Number(\"0\");                        gmwdmapData[\"streetViewControlPosition\" + '1'] = Number(\"0\");                                                gmwdmapData[\"fullscreenControlPosition\" + '1'] = Number(\"0\");                                                gmwdmapData[\"mapTypeControlStyle\" + '1'] = Number(\"0\");\t\t\t\t                        gmwdmapData[\"mapBorderRadius\" + '1'] = \"\";                        gmwdmapData[\"enableBykeLayer\" + '1'] =  Number(\"0\");\t                        gmwdmapData[\"enableTrafficLayer\" + '1'] =  Number(\"0\");\t\t\t\t                        gmwdmapData[\"enableTransitLayer\" + '1'] =  Number(\"0\");\t                        gmwdmapData[\"geoRSSURL\" + '1'] = \"\";\t                        gmwdmapData[\"KMLURL\" + '1'] = \"\";\t                        gmwdmapData[\"fusionTableId\" + '1'] = '';\t                                        gmwdmapData[\"mapTheme\" + '1'] = '';\t\t\t                        gmwdmapData[\"mapMarkers\" + '1'] = JSON.parse('{\"8\":{\"id\":\"8\",\"map_id\":\"1\",\"lat\":\"45.776439\",\"lng\":\"4.894154\",\"category\":\"0\",\"title\":\"GYMNASE JEAN MOULIN\",\"address\":\"7 rue alfred Brinon, 69100, Villeurbanne, France\",\"animation\":\"NONE\",\"enable_info_window\":\"1\",\"info_window_open\":\"0\",\"marker_size\":\"32\",\"custom_marker_url\":\"\",\"choose_marker_icon\":\"1\",\"description\":\"\",\"link_url\":\"\",\"pic_url\":\"\",\"published\":\"1\"},\"9\":{\"id\":\"9\",\"map_id\":\"1\",\"lat\":\"45.779099\",\"lng\":\"4.887116\",\"category\":\"0\",\"title\":\"SIEGE - SALLE ARMAND\",\"address\":\"20 rue Armand, 69100, Villeurbanne, France\",\"animation\":\"NONE\",\"enable_info_window\":\"1\",\"info_window_open\":\"0\",\"marker_size\":\"32\",\"custom_marker_url\":\"\",\"choose_marker_icon\":\"1\",\"description\":\"\",\"link_url\":\"\",\"pic_url\":\"\",\"published\":\"1\"}}');                        gmwdmapData[\"mapPolygons\" + '1'] =  JSON.parse('[]');                        gmwdmapData[\"mapPolylines\" + '1'] = JSON.parse('[]');                                                gmwdmapData[\"enableCategoryFilter\" + '1'] = \"0\";                                                gmwdmapData[\"enableDirections\" + '1'] = \"0\";                        gmwdmapData[\"enableStoreLocatior\" + '1'] = \"0\";                        gmwdmapData[\"storeLocatorDistanceIn\" + '1'] = \"km\";                                                gmwdmapData[\"storeLocatorStrokeWidth\" + '1'] = Number(\"2\");                        gmwdmapData[\"storeLocatorFillColor\" + '1'] = \"#\" + \"7FDF16\";                        gmwdmapData[\"storeLocatorFillOpacity\" + '1'] = Number(\"0.3\");                        gmwdmapData[\"storeLocatorLineColor\" + '1'] = \"#\" + \"000\";                        gmwdmapData[\"storeLocatorLineOpacity\" + '1'] = Number(\"0.6\");                                                gmwdmapData[\"markerListingType\" + '1'] = \"0\";                        gmwdmapData[\"markerListInsideMap\" + '1'] = \"0\";                        gmwdmapData[\"markerListPosition\" + '1'] = Number(\"0\");                        gmwdmapData[\"infoWindowInfo\" + '1'] = \"title,address,desc,pic\";                        gmwdmapData[\"advancedInfoWindowPosition\" + '1'] = Number(\"10\");                        gmwdmapData[\"geolocateUser\" + '1'] = Number(\"1\");                        gmwdmapData[\"items\" + '1'] = \"3\";                                                gmwdmapData[\"enableSerchBox\" + '1'] = \"0\";                        gmwdmapData[\"serchBoxPosition\" + '1'] = Number(\"3\");                                                gmwdmapData[\"allMarkers\" + '1'] = [];                               gmwdmapData[\"allPolygons\" + '1'] = [];                        gmwdmapData[\"allPolygonMarkers\" + '1'] = [];                        gmwdmapData[\"allPolylines\" + '1'] = [];                        gmwdmapData[\"allPolylineMarkers\" + '1'] = [];                        gmwdmapData[\"infoWindows\" + '1'] = [];                        gmwdmapData[\"ajaxData\" + '1']  = {};                                                var ajaxURL = \"http:\/\/www.asbuers.com\/basket-villeurbanne\/wp-admin\/admin-ajax.php\";                        var markerDefaultIcon = \"\";                        var GMWD_URL = \"http:\/\/www.asbuers.com\/basket-villeurbanne\/wp-content\/plugins\/wd-google-maps\";                        jQuery( document ).ready(function() {\t\t\t\t\t                            gmwdInitMainMap(\"wd-map1\",false, '1');                            gmwdReadyFunction('1');                        });                    <\/script>                                        <div class=\"wd-clear\">                        <div id=\"wd-map1\" class=\"wd-row \" style=\"margin-right:auto; margin-left:auto; height:300px; width:100%\"><\/div>                    <\/div>                                                                <\/div>            <\/div>\t\t<\/div>\t\t\n<p>&nbsp;<\/p>\n<div style=\"margin-top: 100px;\">Notre site <strong>AS Buers Basket Villeurbanne<\/strong> est list\u00e9 dans la cat\u00e9gorie <a href=\"http:\/\/www.webrankinfo.com\/annuaire\/cat-489-basket-ball.htm\"> Basket-ball<\/a> : <a href=\"http:\/\/www.webrankinfo.com\/annuaire\/cat-4889-clubs-de-basket.htm\"> Club de basket<\/a> de l&rsquo;annuaire <a href=\"http:\/\/www.webrankinfo.com\/formation\/\"><img loading=\"lazy\" decoding=\"async\" title=\"WebRankInfo\" src=\"http:\/\/www.webrankinfo.com\/images\/wri\/webrankinfo-80-15.png\" alt=\"Formation Web marketing\" width=\"80\" height=\"15\" \/><\/a><\/div>\n","protected":false},"excerpt":{"rendered":"<p>Le club AS Buers Basket Villeurbanne poss\u00e8de deux gymnases dont voici les coordonn\u00e9es : &nbsp; Notre site AS Buers Basket Villeurbanne est list\u00e9 dans la cat\u00e9gorie Basket-ball : Club de basket de l&rsquo;annuaire<\/p>\n","protected":false},"author":3,"featured_media":0,"parent":0,"menu_order":0,"comment_status":"closed","ping_status":"closed","template":"","meta":{"footnotes":""},"class_list":["post-179","page","type-page","status-publish","hentry"],"jetpack_sharing_enabled":true,"_links":{"self":[{"href":"http:\/\/www.asbuers.com\/basket-villeurbanne\/wp-json\/wp\/v2\/pages\/179","targetHints":{"allow":["GET"]}}],"collection":[{"href":"http:\/\/www.asbuers.com\/basket-villeurbanne\/wp-json\/wp\/v2\/pages"}],"about":[{"href":"http:\/\/www.asbuers.com\/basket-villeurbanne\/wp-json\/wp\/v2\/types\/page"}],"author":[{"embeddable":true,"href":"http:\/\/www.asbuers.com\/basket-villeurbanne\/wp-json\/wp\/v2\/users\/3"}],"replies":[{"embeddable":true,"href":"http:\/\/www.asbuers.com\/basket-villeurbanne\/wp-json\/wp\/v2\/comments?post=179"}],"version-history":[{"count":52,"href":"http:\/\/www.asbuers.com\/basket-villeurbanne\/wp-json\/wp\/v2\/pages\/179\/revisions"}],"predecessor-version":[{"id":2884,"href":"http:\/\/www.asbuers.com\/basket-villeurbanne\/wp-json\/wp\/v2\/pages\/179\/revisions\/2884"}],"wp:attachment":[{"href":"http:\/\/www.asbuers.com\/basket-villeurbanne\/wp-json\/wp\/v2\/media?parent=179"}],"curies":[{"name":"wp","href":"https:\/\/api.w.org\/{rel}","templated":true}]}}